{"id":11,"date":"2025-06-07T14:34:15","date_gmt":"2025-06-07T14:34:15","guid":{"rendered":"https:\/\/fazeracontecer.pt\/?page_id=11"},"modified":"2025-06-16T22:16:35","modified_gmt":"2025-06-16T22:16:35","slug":"politica-privacidade-cookies","status":"publish","type":"page","link":"https:\/\/fazeracontecer.pt\/index.php\/politica-privacidade-cookies\/","title":{"rendered":"Pol\u00edtica de Privacidade e Cookies"},"content":{"rendered":"\t\t<div data-elementor-type=\"wp-page\" data-elementor-id=\"11\" class=\"elementor elementor-11\">\n\t\t\t\t\t\t<section class=\"elementor-section elementor-top-section elementor-element elementor-element-4b61296 elementor-section-full_width elementor-section-height-min-height elementor-section-height-default elementor-section-items-middle\" data-id=\"4b61296\" data-element_type=\"section\" data-settings=\"{&quot;background_background&quot;:&quot;classic&quot;}\">\n\t\t\t\t\t\t<div class=\"elementor-container elementor-column-gap-default\">\n\t\t\t\t\t<div class=\"elementor-column elementor-col-50 elementor-top-column elementor-element elementor-element-ca23f1f\" data-id=\"ca23f1f\" data-element_type=\"column\">\n\t\t\t<div class=\"elementor-widget-wrap elementor-element-populated\">\n\t\t\t\t\t\t<div class=\"elementor-element elementor-element-71d4e24 elementor-widget elementor-widget-image\" data-id=\"71d4e24\" data-element_type=\"widget\" data-widget_type=\"image.default\">\n\t\t\t\t<div class=\"elementor-widget-container\">\n\t\t\t\t\t\t\t\t\t\t\t\t\t\t\t<img fetchpriority=\"high\" decoding=\"async\" width=\"1024\" height=\"366\" src=\"https:\/\/fazeracontecer.pt\/wp-content\/uploads\/2025\/06\/FazerAcontecer-LP-Logo.svg\" class=\"attachment-large size-large wp-image-31\" alt=\"\" \/>\t\t\t\t\t\t\t\t\t\t\t\t\t\t\t<\/div>\n\t\t\t\t<\/div>\n\t\t\t\t<div class=\"elementor-element elementor-element-eaafcae elementor-hidden-mobile elementor-widget elementor-widget-spacer\" data-id=\"eaafcae\" data-element_type=\"widget\" data-widget_type=\"spacer.default\">\n\t\t\t\t<div class=\"elementor-widget-container\">\n\t\t\t\t\t\t\t<div class=\"elementor-spacer\">\n\t\t\t<div class=\"elementor-spacer-inner\"><\/div>\n\t\t<\/div>\n\t\t\t\t\t\t<\/div>\n\t\t\t\t<\/div>\n\t\t\t\t<div class=\"elementor-element elementor-element-5075623 elementor-widget elementor-widget-image\" data-id=\"5075623\" data-element_type=\"widget\" data-widget_type=\"image.default\">\n\t\t\t\t<div class=\"elementor-widget-container\">\n\t\t\t\t\t\t\t\t\t\t\t\t\t\t\t<img decoding=\"async\" width=\"849\" height=\"140\" src=\"https:\/\/fazeracontecer.pt\/wp-content\/uploads\/2025\/06\/fazer-acontecer-psd-cds-logo.svg\" class=\"attachment-large size-large wp-image-33\" alt=\"\" \/>\t\t\t\t\t\t\t\t\t\t\t\t\t\t\t<\/div>\n\t\t\t\t<\/div>\n\t\t\t\t\t<\/div>\n\t\t<\/div>\n\t\t\t\t<div class=\"elementor-column elementor-col-50 elementor-top-column elementor-element elementor-element-e746ef7\" data-id=\"e746ef7\" data-element_type=\"column\">\n\t\t\t<div class=\"elementor-widget-wrap elementor-element-populated\">\n\t\t\t\t\t\t<div class=\"elementor-element elementor-element-3014464 elementor-widget elementor-widget-image\" data-id=\"3014464\" data-element_type=\"widget\" data-widget_type=\"image.default\">\n\t\t\t\t<div class=\"elementor-widget-container\">\n\t\t\t\t\t\t\t\t\t\t\t\t\t\t\t<img decoding=\"async\" width=\"844\" height=\"1024\" src=\"https:\/\/fazeracontecer.pt\/wp-content\/uploads\/2025\/06\/Fazer-Acontecer-LP_ana-raquel-azevedo-2-844x1024.png\" class=\"attachment-large size-large wp-image-61\" alt=\"\" srcset=\"https:\/\/fazeracontecer.pt\/wp-content\/uploads\/2025\/06\/Fazer-Acontecer-LP_ana-raquel-azevedo-2-844x1024.png 844w, https:\/\/fazeracontecer.pt\/wp-content\/uploads\/2025\/06\/Fazer-Acontecer-LP_ana-raquel-azevedo-2-247x300.png 247w, https:\/\/fazeracontecer.pt\/wp-content\/uploads\/2025\/06\/Fazer-Acontecer-LP_ana-raquel-azevedo-2-768x931.png 768w, https:\/\/fazeracontecer.pt\/wp-content\/uploads\/2025\/06\/Fazer-Acontecer-LP_ana-raquel-azevedo-2.png 983w\" sizes=\"(max-width: 844px) 100vw, 844px\" \/>\t\t\t\t\t\t\t\t\t\t\t\t\t\t\t<\/div>\n\t\t\t\t<\/div>\n\t\t\t\t\t<\/div>\n\t\t<\/div>\n\t\t\t\t\t<\/div>\n\t\t<\/section>\n\t\t\t\t<section class=\"elementor-section elementor-top-section elementor-element elementor-element-7fd9c13 elementor-section-full_width elementor-section-height-default elementor-section-height-default\" data-id=\"7fd9c13\" data-element_type=\"section\" data-settings=\"{&quot;background_background&quot;:&quot;gradient&quot;}\">\n\t\t\t\t\t\t<div class=\"elementor-container elementor-column-gap-default\">\n\t\t\t\t\t<div class=\"elementor-column elementor-col-50 elementor-top-column elementor-element elementor-element-07e2cd0\" data-id=\"07e2cd0\" data-element_type=\"column\">\n\t\t\t<div class=\"elementor-widget-wrap elementor-element-populated\">\n\t\t\t\t\t\t<div class=\"elementor-element elementor-element-e2a9469 elementor-widget elementor-widget-heading\" data-id=\"e2a9469\" data-element_type=\"widget\" data-widget_type=\"heading.default\">\n\t\t\t\t<div class=\"elementor-widget-container\">\n\t\t\t\t\t<h2 class=\"elementor-heading-title elementor-size-default\">\u00e9 preciso FAZER ACONTECER.<\/h2>\t\t\t\t<\/div>\n\t\t\t\t<\/div>\n\t\t\t\t<div class=\"elementor-element elementor-element-8c10b05 elementor-widget elementor-widget-text-editor\" data-id=\"8c10b05\" data-element_type=\"widget\" data-widget_type=\"text-editor.default\">\n\t\t\t\t<div class=\"elementor-widget-container\">\n\t\t\t\t\t\t\t\t\t<p>Bai\u00e3o precisa muito de si e eu conto consigo.<br \/>Receba no seu email todas as novidades da candidatura <b>FAZER ACONTECER<\/b>.<\/p>\t\t\t\t\t\t\t\t<\/div>\n\t\t\t\t<\/div>\n\t\t\t\t\t<\/div>\n\t\t<\/div>\n\t\t\t\t<div class=\"elementor-column elementor-col-50 elementor-top-column elementor-element elementor-element-86373f1\" data-id=\"86373f1\" data-element_type=\"column\">\n\t\t\t<div class=\"elementor-widget-wrap elementor-element-populated\">\n\t\t\t\t\t\t<div class=\"elementor-element elementor-element-75192dd elementor-widget elementor-widget-wpforms\" data-id=\"75192dd\" data-element_type=\"widget\" data-widget_type=\"wpforms.default\">\n\t\t\t\t<div class=\"elementor-widget-container\">\n\t\t\t\t\t<style id=\"wpforms-css-vars-elementor-widget-75192dd\">\n\t\t\t\t.elementor-widget-wpforms.elementor-element-75192dd {\n\t\t\t\t--wpforms-field-border-radius: 5px;\n--wpforms-field-border-color: #F4980D;\n--wpforms-field-border-color-spare: #F4980D;\n--wpforms-field-text-color: #54595F;\n--wpforms-label-color: #FFFFFF;\n--wpforms-label-sublabel-color: #7f7f7f;\n--wpforms-label-error-color: #ff0000;\n--wpforms-button-border-style: solid;\n--wpforms-button-border-radius: 5px;\n--wpforms-button-background-color: #F4980D;\n--wpforms-button-border-color: #EB5C24;\n--wpforms-button-text-color: #FFFFFF;\n--wpforms-page-break-color: #dddddd;\n--wpforms-label-size-font-size: 14px;\n--wpforms-label-size-line-height: 17px;\n--wpforms-label-size-sublabel-font-size: 13px;\n--wpforms-label-size-sublabel-line-height: 16px;\n\n\t\t\t}\n\t\t\t<\/style><div class=\"wpforms-container wpforms-container-full wpforms-render-modern\" id=\"wpforms-122\"><form id=\"wpforms-form-122\" class=\"wpforms-validate wpforms-form wpforms-ajax-form\" data-formid=\"122\" method=\"post\" enctype=\"multipart\/form-data\" action=\"\/index.php\/wp-json\/wp\/v2\/pages\/11\" data-token=\"66cc6240513ff6536cd04a4367c75fa4\" data-token-time=\"1777638533\"><noscript class=\"wpforms-error-noscript\">Please enable JavaScript in your browser to complete this form.<\/noscript><div class=\"wpforms-hidden\" id=\"wpforms-error-noscript\">Please enable JavaScript in your browser to complete this form.<\/div><div class=\"wpforms-field-container\"><div id=\"wpforms-122-field_3-container\" class=\"wpforms-field wpforms-field-email\" data-field-id=\"3\"><label class=\"wpforms-field-label wpforms-label-hide\" for=\"wpforms-122-field_3\" aria-hidden=\"false\">Email <span class=\"wpforms-required-label\" aria-hidden=\"true\">*<\/span><\/label><input type=\"email\" id=\"wpforms-122-field_3\" class=\"wpforms-field-medium wpforms-field-required\" name=\"wpforms[fields][3]\" placeholder=\"Inserir email...\" spellcheck=\"false\" aria-errormessage=\"wpforms-122-field_3-error\" required><\/div><div id=\"wpforms-122-field_4-container\" class=\"wpforms-field wpforms-field-checkbox\" data-field-id=\"4\"><fieldset><legend class=\"wpforms-field-label wpforms-label-hide\" aria-hidden=\"false\">Checkboxes <span class=\"wpforms-required-label\" aria-hidden=\"true\">*<\/span><\/legend><ul id=\"wpforms-122-field_4\" class=\"wpforms-field-required\"><li class=\"choice-1 depth-1\"><input type=\"checkbox\" id=\"wpforms-122-field_4_1\" name=\"wpforms[fields][4][]\" value=\"Ao submeter, autoriza o envio de comunica\u00e7\u00f5es da candidatura. Pode cancelar a qualquer momento. Consultar a &lt;a href=&quot;https:\/\/fazeracontecer.pt\/index.php\/politica-privacidade-cookies\/&quot; target=&quot;_blank&quot;&gt;Pol\u00edtica de Privacidade e Cookies&lt;\/a&gt;\" aria-errormessage=\"wpforms-122-field_4_1-error\" required ><label class=\"wpforms-field-label-inline\" for=\"wpforms-122-field_4_1\">Ao submeter, autoriza o envio de comunica\u00e7\u00f5es da candidatura. Pode cancelar a qualquer momento. Consultar a <a href=\"https:\/\/fazeracontecer.pt\/index.php\/politica-privacidade-cookies\/\" target=\"_blank\">Pol\u00edtica de Privacidade e Cookies<\/a><\/label><\/li><\/ul><\/fieldset><\/div><\/div><!-- .wpforms-field-container --><div class=\"wpforms-submit-container\" ><input type=\"hidden\" name=\"wpforms[id]\" value=\"122\"><input type=\"hidden\" name=\"page_title\" value=\"\"><input type=\"hidden\" name=\"page_url\" value=\"https:\/\/fazeracontecer.pt\/index.php\/wp-json\/wp\/v2\/pages\/11\"><input type=\"hidden\" name=\"url_referer\" value=\"\"><button type=\"submit\" name=\"wpforms[submit]\" id=\"wpforms-submit-122\" class=\"wpforms-submit\" data-alt-text=\"A enviar...\" data-submit-text=\"Subscrever\" aria-live=\"assertive\" value=\"wpforms-submit\">Subscrever<\/button><img loading=\"lazy\" decoding=\"async\" src=\"https:\/\/fazeracontecer.pt\/wp-content\/plugins\/wpforms-lite\/assets\/images\/submit-spin.svg\" class=\"wpforms-submit-spinner\" style=\"display: none;\" width=\"26\" height=\"26\" alt=\"Loading\"><\/div><\/form><\/div>  <!-- .wpforms-container -->\t\t\t\t<\/div>\n\t\t\t\t<\/div>\n\t\t\t\t\t<\/div>\n\t\t<\/div>\n\t\t\t\t\t<\/div>\n\t\t<\/section>\n\t\t\t\t<section class=\"elementor-section elementor-top-section elementor-element elementor-element-60f4fa0 elementor-section-full_width elementor-section-height-default elementor-section-height-default\" data-id=\"60f4fa0\" data-element_type=\"section\" data-settings=\"{&quot;background_background&quot;:&quot;classic&quot;}\">\n\t\t\t\t\t\t<div class=\"elementor-container elementor-column-gap-default\">\n\t\t\t\t\t<div class=\"elementor-column elementor-col-100 elementor-top-column elementor-element elementor-element-ea46c79\" data-id=\"ea46c79\" data-element_type=\"column\">\n\t\t\t<div class=\"elementor-widget-wrap elementor-element-populated\">\n\t\t\t\t\t\t<div class=\"elementor-element elementor-element-afd2398 elementor-widget elementor-widget-heading\" data-id=\"afd2398\" data-element_type=\"widget\" data-widget_type=\"heading.default\">\n\t\t\t\t<div class=\"elementor-widget-container\">\n\t\t\t\t\t<h2 class=\"elementor-heading-title elementor-size-default\">Pol\u00edtica de Privacidade e cookies<\/h2>\t\t\t\t<\/div>\n\t\t\t\t<\/div>\n\t\t\t\t<div class=\"elementor-element elementor-element-242fe14 elementor-widget elementor-widget-heading\" data-id=\"242fe14\" data-element_type=\"widget\" data-widget_type=\"heading.default\">\n\t\t\t\t<div class=\"elementor-widget-container\">\n\t\t\t\t\t<h2 class=\"elementor-heading-title elementor-size-default\">Fazer Acontecer \u2013 Ana Raquel Azevedo | Candidatura da Coliga\u00e7\u00e3o PSD \/ CDS-PP<\/h2>\t\t\t\t<\/div>\n\t\t\t\t<\/div>\n\t\t\t\t<div class=\"elementor-element elementor-element-cf23e70 elementor-widget elementor-widget-text-editor\" data-id=\"cf23e70\" data-element_type=\"widget\" data-widget_type=\"text-editor.default\">\n\t\t\t\t<div class=\"elementor-widget-container\">\n\t\t\t\t\t\t\t\t\t<h5 data-start=\"374\" data-end=\"409\">1. Compromisso com a Privacidade<\/h5><p data-start=\"411\" data-end=\"760\">A candidatura <strong data-start=\"425\" data-end=\"465\">Fazer Acontecer \u2013 Ana Raquel Azevedo<\/strong>, da coliga\u00e7\u00e3o <strong data-start=\"480\" data-end=\"496\">PSD \/ CDS-PP<\/strong>, compromete-se a respeitar e proteger a privacidade dos utilizadores do seu website. Todos os dados pessoais s\u00e3o tratados de forma segura, transparente e em conformidade com o Regulamento Geral sobre a Prote\u00e7\u00e3o de Dados (RGPD) e a legisla\u00e7\u00e3o portuguesa aplic\u00e1vel.<\/p><h5 data-start=\"762\" data-end=\"795\">2. Respons\u00e1vel pelo Tratamento<\/h5><p data-start=\"797\" data-end=\"996\">O respons\u00e1vel pelo tratamento dos dados \u00e9 a candidatura <strong data-start=\"853\" data-end=\"893\">Fazer Acontecer \u2013 Ana Raquel Azevedo<\/strong>.<br data-start=\"894\" data-end=\"897\" \/>Para qualquer quest\u00e3o relacionada com privacidade, contacte: <strong><a class=\"cursor-pointer\" rel=\"noopener\" data-start=\"965\" data-end=\"994\">candidatura@fazeracontecer.pt<\/a><\/strong><\/p><h5 data-start=\"998\" data-end=\"1029\">3. Dados Pessoais Recolhidos<\/h5><p data-start=\"1031\" data-end=\"1142\">Os dados pessoais s\u00e3o recolhidos de forma volunt\u00e1ria atrav\u00e9s de formul\u00e1rios no website. Os dados podem incluir:<br \/>&#8211; Nome;<br \/>&#8211; E-mail;<br \/>&#8211; Contacto telef\u00f3nico (quando aplic\u00e1vel);<br \/>&#8211; Localidade;<br \/>&#8211; Mensagens ou conte\u00fados submetidos pelo utilizador.<\/p><h5 data-start=\"1288\" data-end=\"1319\">4. Finalidades do Tratamento<\/h5><p data-start=\"1321\" data-end=\"1370\">Os dados recolhidos destinam-se exclusivamente a:<br \/>&#8211; Responder a pedidos de contacto ou esclarecimentos;<br \/>&#8211; Divulgar informa\u00e7\u00f5es sobre a candidatura, atividades e iniciativas;<br \/>&#8211; Incentivar a participa\u00e7\u00e3o c\u00edvica;<br \/>&#8211; Melhorar a experi\u00eancia de navega\u00e7\u00e3o no website;<\/p><p><strong data-start=\"1585\" data-end=\"1633\">Os dados n\u00e3o ser\u00e3o partilhados com terceiros<\/strong>, salvo por exig\u00eancia legal.<\/p><h5 data-start=\"1663\" data-end=\"1690\">5. Conserva\u00e7\u00e3o dos Dados<\/h5><p data-start=\"1692\" data-end=\"1814\">Os dados ser\u00e3o conservados apenas pelo tempo necess\u00e1rio \u00e0s finalidades descritas ou para cumprimento de obriga\u00e7\u00f5es legais.<\/p><h5 data-start=\"1816\" data-end=\"1854\">6. Direitos dos Titulares dos Dados<\/h5><p data-start=\"1856\" data-end=\"1908\">Nos termos da lei, os utilizadores t\u00eam o direito de:<br \/>&#8211; Aceder aos seus dados;<br \/>&#8211; Solicitar a retifica\u00e7\u00e3o ou elimina\u00e7\u00e3o;<br \/>&#8211; Opor-se ao tratamento ou solicitar limita\u00e7\u00e3o;<br \/>&#8211; Retirar o consentimento (quando aplic\u00e1vel;<br \/>&#8211; Apresentar reclama\u00e7\u00e3o \u00e0 Comiss\u00e3o Nacional de Prote\u00e7\u00e3o de Dados (CNPD).<\/p><p>Para exercer qualquer um destes direitos, contacte: <strong data-start=\"2208\" data-end=\"2241\"><a class=\"cursor-pointer\" rel=\"noopener\" data-start=\"2210\" data-end=\"2239\">candidatura@fazeracontecer.pt<\/a><\/strong><\/p><h5 data-start=\"1856\" data-end=\"1908\">7. Pol\u00edtica de Cookies<br \/>7.1 O que s\u00e3o cookies?<\/h5><p>Cookies s\u00e3o pequenos ficheiros guardados no seu dispositivo quando visita um website. Permitem reconhecer o utilizador, melhorar a navega\u00e7\u00e3o e recolher dados estat\u00edsticos.<\/p><h5 data-start=\"2476\" data-end=\"2511\">7.2 Tipos de cookies utilizados<\/h5><p data-start=\"2513\" data-end=\"2540\">Este website pode utilizar:<br \/><strong data-start=\"2544\" data-end=\"2567\">&#8211; Cookies essenciais:<\/strong> necess\u00e1rios para o funcionamento b\u00e1sico do site.<br \/><strong data-start=\"2621\" data-end=\"2647\">&#8211; Cookies de desempenho:<\/strong> para an\u00e1lise estat\u00edstica (ex. Google Analytics).<br \/><strong data-start=\"2701\" data-end=\"2729\">&#8211; Cookies de prefer\u00eancias:<\/strong> guardam op\u00e7\u00f5es como idioma ou localiza\u00e7\u00e3o.<\/p><h5 data-start=\"2774\" data-end=\"2795\">7.3 Consentimento<\/h5><p data-start=\"2797\" data-end=\"2949\">Ao utilizar o website, consente a utiliza\u00e7\u00e3o de cookies conforme esta pol\u00edtica. Pode alterar ou retirar o seu consentimento nas defini\u00e7\u00f5es do navegador.<\/p><h5 data-start=\"2951\" data-end=\"3009\">7.4 Como ajustar as defini\u00e7\u00f5es de cookies no navegador<\/h5><p>Pode gerir ou eliminar cookies atrav\u00e9s das defini\u00e7\u00f5es do seu navegador:<br \/>&#8211; Google Chrome: chrome:\/\/settings\/cookies<br \/>&#8211; Mozilla Firefox: about:preferences#privacy<br \/>&#8211; Safari: Prefer\u00eancias &gt; Privacidade &gt; Gerir dados dos sites <br \/>&#8211; Microsoft Edge: Defini\u00e7\u00f5es &gt; Cookies e permiss\u00f5es de sites<br \/>&#8211; Opera: Defini\u00e7\u00f5es &gt; Privacidade e seguran\u00e7a &gt; Cookies<br \/><br \/>Consultar a ajuda do navegador para instru\u00e7\u00f5es espec\u00edficas em outros dispositivos.<\/p><p><strong data-start=\"3478\" data-end=\"3501\">\u00daltima atualiza\u00e7\u00e3o:<\/strong> Junho de 2025<br data-start=\"3516\" data-end=\"3519\" \/>Em caso de d\u00favidas, contacte: <strong data-start=\"3552\" data-end=\"3585\"><a class=\"cursor-pointer\" rel=\"noopener\" data-start=\"3554\" data-end=\"3583\">candidatura@fazeracontecer.pt<\/a><\/strong><\/p>\t\t\t\t\t\t\t\t<\/div>\n\t\t\t\t<\/div>\n\t\t\t\t\t<\/div>\n\t\t<\/div>\n\t\t\t\t\t<\/div>\n\t\t<\/section>\n\t\t\t\t<section class=\"elementor-section elementor-top-section elementor-element elementor-element-0478ce3 elementor-section-full_width elementor-section-height-default elementor-section-height-default\" data-id=\"0478ce3\" data-element_type=\"section\" data-settings=\"{&quot;background_background&quot;:&quot;gradient&quot;}\">\n\t\t\t\t\t\t<div class=\"elementor-container elementor-column-gap-default\">\n\t\t\t\t\t<div class=\"elementor-column elementor-col-33 elementor-top-column elementor-element elementor-element-4bbe067\" data-id=\"4bbe067\" data-element_type=\"column\">\n\t\t\t<div class=\"elementor-widget-wrap elementor-element-populated\">\n\t\t\t\t\t\t<div class=\"elementor-element elementor-element-ec5e554 elementor-hidden-desktop elementor-hidden-tablet elementor-widget elementor-widget-image\" data-id=\"ec5e554\" data-element_type=\"widget\" data-widget_type=\"image.default\">\n\t\t\t\t<div class=\"elementor-widget-container\">\n\t\t\t\t\t\t\t\t\t\t\t\t\t\t\t\t<a href=\"https:\/\/fazeracontecer.pt\/\">\n\t\t\t\t\t\t\t<img loading=\"lazy\" decoding=\"async\" width=\"470\" height=\"108\" src=\"https:\/\/fazeracontecer.pt\/wp-content\/uploads\/2025\/06\/fazeracontecer-logo-white.svg\" class=\"attachment-large size-large wp-image-187\" alt=\"\" \/>\t\t\t\t\t\t\t\t<\/a>\n\t\t\t\t\t\t\t\t\t\t\t\t\t\t\t<\/div>\n\t\t\t\t<\/div>\n\t\t\t\t<div class=\"elementor-element elementor-element-4d1c57d elementor-widget elementor-widget-text-editor\" data-id=\"4d1c57d\" data-element_type=\"widget\" data-widget_type=\"text-editor.default\">\n\t\t\t\t<div class=\"elementor-widget-container\">\n\t\t\t\t\t\t\t\t\t<p class=\"elementor-heading-title elementor-size-default\">\u00a9 Copyright FAZER ACONTECER. Todos os direitos reservados<\/p>\t\t\t\t\t\t\t\t<\/div>\n\t\t\t\t<\/div>\n\t\t\t\t\t<\/div>\n\t\t<\/div>\n\t\t\t\t<div class=\"elementor-column elementor-col-33 elementor-top-column elementor-element elementor-element-32197d2 elementor-hidden-mobile\" data-id=\"32197d2\" data-element_type=\"column\">\n\t\t\t<div class=\"elementor-widget-wrap elementor-element-populated\">\n\t\t\t\t\t\t<div class=\"elementor-element elementor-element-af65dda elementor-widget elementor-widget-image\" data-id=\"af65dda\" data-element_type=\"widget\" data-widget_type=\"image.default\">\n\t\t\t\t<div class=\"elementor-widget-container\">\n\t\t\t\t\t\t\t\t\t\t\t\t\t\t\t\t<a href=\"https:\/\/fazeracontecer.pt\/\">\n\t\t\t\t\t\t\t<img loading=\"lazy\" decoding=\"async\" width=\"470\" height=\"108\" src=\"https:\/\/fazeracontecer.pt\/wp-content\/uploads\/2025\/06\/fazeracontecer-logo-white.svg\" class=\"attachment-large size-large wp-image-187\" alt=\"\" \/>\t\t\t\t\t\t\t\t<\/a>\n\t\t\t\t\t\t\t\t\t\t\t\t\t\t\t<\/div>\n\t\t\t\t<\/div>\n\t\t\t\t\t<\/div>\n\t\t<\/div>\n\t\t\t\t<div class=\"elementor-column elementor-col-33 elementor-top-column elementor-element elementor-element-d863368\" data-id=\"d863368\" data-element_type=\"column\">\n\t\t\t<div class=\"elementor-widget-wrap elementor-element-populated\">\n\t\t\t\t\t\t<div class=\"elementor-element elementor-element-8384c1e elementor-widget elementor-widget-text-editor\" data-id=\"8384c1e\" data-element_type=\"widget\" data-widget_type=\"text-editor.default\">\n\t\t\t\t<div class=\"elementor-widget-container\">\n\t\t\t\t\t\t\t\t\t<p><a href=\"https:\/\/fazeracontecer.pt\/index.php\/politica-privacidade-cookies\/\" target=\"_blank\" rel=\"noopener\">Pol\u00edtica de Privacidade e Cookies<\/a><\/p>\t\t\t\t\t\t\t\t<\/div>\n\t\t\t\t<\/div>\n\t\t\t\t\t<\/div>\n\t\t<\/div>\n\t\t\t\t\t<\/div>\n\t\t<\/section>\n\t\t\t\t<\/div>\n\t\t","protected":false},"excerpt":{"rendered":"<p>\u00e9 preciso FAZER ACONTECER. Bai\u00e3o precisa muito de si e eu conto consigo.Receba no seu email todas as novidades da candidatura FAZER ACONTECER. Please enable JavaScript in your browser to complete this form.Please enable JavaScript in your browser to complete this form.Email * Checkboxes * Ao submeter, autoriza o envio de comunica\u00e7\u00f5es da candidatura. Pode [&hellip;]<\/p>\n","protected":false},"author":1,"featured_media":0,"parent":0,"menu_order":0,"comment_status":"closed","ping_status":"closed","template":"elementor_canvas","meta":{"footnotes":""},"class_list":["post-11","page","type-page","status-publish","hentry"],"_links":{"self":[{"href":"https:\/\/fazeracontecer.pt\/index.php\/wp-json\/wp\/v2\/pages\/11","targetHints":{"allow":["GET"]}}],"collection":[{"href":"https:\/\/fazeracontecer.pt\/index.php\/wp-json\/wp\/v2\/pages"}],"about":[{"href":"https:\/\/fazeracontecer.pt\/index.php\/wp-json\/wp\/v2\/types\/page"}],"author":[{"embeddable":true,"href":"https:\/\/fazeracontecer.pt\/index.php\/wp-json\/wp\/v2\/users\/1"}],"replies":[{"embeddable":true,"href":"https:\/\/fazeracontecer.pt\/index.php\/wp-json\/wp\/v2\/comments?post=11"}],"version-history":[{"count":125,"href":"https:\/\/fazeracontecer.pt\/index.php\/wp-json\/wp\/v2\/pages\/11\/revisions"}],"predecessor-version":[{"id":231,"href":"https:\/\/fazeracontecer.pt\/index.php\/wp-json\/wp\/v2\/pages\/11\/revisions\/231"}],"wp:attachment":[{"href":"https:\/\/fazeracontecer.pt\/index.php\/wp-json\/wp\/v2\/media?parent=11"}],"curies":[{"name":"wp","href":"https:\/\/api.w.org\/{rel}","templated":true}]}}